{"id":18498,"date":"2023-10-09T11:40:11","date_gmt":"2023-10-09T09:40:11","guid":{"rendered":"https:\/\/farmofit.ba\/product\/farmofit-top-5-gkm\/"},"modified":"2024-07-15T09:40:37","modified_gmt":"2024-07-15T07:40:37","slug":"farmofit-top-5-gkm","status":"publish","type":"product","link":"https:\/\/farmofit.ba\/en\/product\/farmofit-top-5-gkm\/","title":{"rendered":"Farmofit TOP 5 GKM"},"content":{"rendered":"<p><strong>Dozvoljeno u\u010de\u0161\u0107e:<\/strong> Dnevna koli\u010dina potpune smje\u0161e je 300 grama po kilogramu mlijeka. Ako se TOP 5 GKM daje kravama direktno, dnevna koli\u010dina je 15 grama po kilogramu mlijeka.<\/p>\n<p><strong>PRIJEDLOG RECEPTURA<\/strong><\/p>\n<table width=\"291\">\n<tbody>\n<tr>\n<td width=\"141\"><strong>Hraniva (%)<\/strong><\/td>\n<td width=\"150\"><strong>U\u010de\u0161\u0107e (%)<\/strong><\/td>\n<\/tr>\n<tr>\n<td width=\"141\">Kukuruz<\/td>\n<td width=\"150\">46.00<\/td>\n<\/tr>\n<tr>\n<td width=\"141\">P\u0161enica<\/td>\n<td width=\"150\">15.00<\/td>\n<\/tr>\n<tr>\n<td width=\"141\">P\u0161ni\u0161ne\u00a0 mekinje<\/td>\n<td width=\"150\">10.00<\/td>\n<\/tr>\n<tr>\n<td width=\"141\">Suncokretova sa\u010dma<\/td>\n<td width=\"150\">14.00<\/td>\n<\/tr>\n<tr>\n<td width=\"141\">Sojina sa\u010dma<\/td>\n<td width=\"150\">10.00<\/td>\n<\/tr>\n<tr>\n<td width=\"141\">TOP 5 GKM<\/td>\n<td width=\"150\">5.00<\/td>\n<\/tr>\n<tr>\n<td width=\"141\"><strong>Ukupno (%)<\/strong><\/td>\n<td width=\"150\"><strong>100.00<\/strong><\/td>\n<\/tr>\n<\/tbody>\n<\/table>\n<p>&nbsp;<\/p>\n<p>Pakovanje: vre\u0107ica, netto masa 5 kg.<\/p>\n<p>Detaljna uputstva, hemijski i sirovinski sastav, nalaze se na deklaraciji proizvoda.<\/p>\n<p><strong>Napomena:<\/strong> \u010cuvati na suvom, tamnom i hladnom mjestu, za\u0161ti\u0107enom od ulaska glodara, insekata, ptica i ostalih \u017eivotinja. Kod neprikladnog skladi\u0161tenja mo\u017ee do\u0107i do slabljenja aktivnih materija.<\/p>\n<p>&nbsp;<\/p>\n","protected":false},"excerpt":{"rendered":"<p>Vitaminsko-mineralna predsmje\u0161a za muzne krave.<\/p>\n<p><strong>Prednosti:<\/strong> Upotreba Top 5 GKM u ishrani krava u laktaciji osigurava zdravu \u017eivotinju te visoku produktivnost i dobru plodnost.<\/p>\n","protected":false},"featured_media":18409,"template":"","meta":[],"product_brand":[],"product_cat":[505,506],"product_tag":[],"class_list":{"0":"post-18498","1":"product","2":"type-product","3":"status-publish","4":"has-post-thumbnail","6":"product_cat-food-for-cattle","7":"product_cat-premixes-cattle","10":"first","11":"instock","12":"shipping-taxable","13":"product-type-simple"},"_links":{"self":[{"href":"https:\/\/farmofit.ba\/en\/wp-json\/wp\/v2\/product\/18498"}],"collection":[{"href":"https:\/\/farmofit.ba\/en\/wp-json\/wp\/v2\/product"}],"about":[{"href":"https:\/\/farmofit.ba\/en\/wp-json\/wp\/v2\/types\/product"}],"wp:featuredmedia":[{"embeddable":true,"href":"https:\/\/farmofit.ba\/en\/wp-json\/wp\/v2\/media\/18409"}],"wp:attachment":[{"href":"https:\/\/farmofit.ba\/en\/wp-json\/wp\/v2\/media?parent=18498"}],"wp:term":[{"taxonomy":"product_brand","embeddable":true,"href":"https:\/\/farmofit.ba\/en\/wp-json\/wp\/v2\/product_brand?post=18498"},{"taxonomy":"product_cat","embeddable":true,"href":"https:\/\/farmofit.ba\/en\/wp-json\/wp\/v2\/product_cat?post=18498"},{"taxonomy":"product_tag","embeddable":true,"href":"https:\/\/farmofit.ba\/en\/wp-json\/wp\/v2\/product_tag?post=18498"}],"curies":[{"name":"wp","href":"https:\/\/api.w.org\/{rel}","templated":true}]}}